{"id":22721,"date":"2021-09-30T18:36:25","date_gmt":"2021-09-30T18:36:25","guid":{"rendered":"https:\/\/beautelorette.wpengine.com\/product\/alaska-hand-sanitizer-spray\/"},"modified":"2022-05-30T14:53:55","modified_gmt":"2022-05-30T14:53:55","slug":"alaska-desinfectant-pour-les-mains-vapo","status":"publish","type":"product","link":"https:\/\/beautesantelorette.ca\/fr\/produit\/alaska-desinfectant-pour-les-mains-vapo\/","title":{"rendered":"Alaska D\u00e9sinfectant Pour Les Mains &#8211; Vapo"},"content":{"rendered":"","protected":false},"excerpt":{"rendered":"<p>Alaska D\u00e9sinfectant Pour Les Mains frais \u00e0 base d\u2019alcool efficace pour d\u00e9truire les bact\u00e9ries (nocives) et procurer un nettoyage antiseptique.<\/p>\n<ul>\n<li>Nettoyant antiseptique pour les mains<\/li>\n<li>Nettoyant antibact\u00e9rien pour les mains<\/li>\n<li>Tue les bact\u00e9ries et les germes nocifs<\/li>\n<li>Efficace pour d\u00e9truire les bact\u00e9ries (nocives) et procurer un nettoyage antiseptique.<\/li>\n<li>Pour l\u2019hygi\u00e8ne personnelle des mains pour aider \u00e0 pr\u00e9venir la propagation des bact\u00e9ries.<\/li>\n<\/ul>\n<p>*Ne devrait pas \u00eatre utilis\u00e9 comme substitut pour le lavage des mains.<\/p>\n","protected":false},"featured_media":21728,"comment_status":"open","ping_status":"closed","template":"","meta":[],"product_brand":[],"product_cat":[254],"product_tag":[],"class_list":{"0":"post-22721","1":"product","2":"type-product","3":"status-publish","4":"has-post-thumbnail","6":"product_cat-desinfectants","8":"first","9":"instock","10":"taxable","11":"shipping-taxable","12":"purchasable","13":"product-type-simple"},"yoast_head":"<!-- This site is optimized with the Yoast SEO plugin v27.3 - https:\/\/yoast.com\/product\/yoast-seo-wordpress\/ -->\n<title>Alaska D\u00e9sinfectant Pour Les Mains - Vapo - Beaut\u00e9 Sant\u00e9 Lorette<\/title>\n<meta name=\"description\" content=\"Alaska D\u00e9sinfectant Pour Les Mains frais \u00e0 base d\u2019alcool efficace pour d\u00e9truire les bact\u00e9ries (nocives) et procurer un nettoyage antiseptique.\" \/>\n<meta name=\"robots\" content=\"index, follow, max-snippet:-1, max-image-preview:large, max-video-preview:-1\" \/>\n<link rel=\"canonical\" href=\"https:\/\/beautesantelorette.ca\/fr\/produit\/alaska-desinfectant-pour-les-mains-vapo\/\" \/>\n<meta property=\"og:locale\" content=\"fr_FR\" \/>\n<meta property=\"og:type\" content=\"article\" \/>\n<meta property=\"og:title\" content=\"Alaska D\u00e9sinfectant Pour Les Mains - Vapo - Beaut\u00e9 Sant\u00e9 Lorette\" \/>\n<meta property=\"og:description\" content=\"Alaska D\u00e9sinfectant Pour Les Mains frais \u00e0 base d\u2019alcool efficace pour d\u00e9truire les bact\u00e9ries (nocives) et procurer un nettoyage antiseptique.\" \/>\n<meta property=\"og:url\" content=\"https:\/\/beautesantelorette.ca\/fr\/produit\/alaska-desinfectant-pour-les-mains-vapo\/\" \/>\n<meta property=\"og:site_name\" content=\"Beaut\u00e9 Sant\u00e9 Lorette\" \/>\n<meta property=\"article:publisher\" content=\"https:\/\/www.facebook.com\/BeauteSanteLorette\/\" \/>\n<meta property=\"article:modified_time\" content=\"2022-05-30T14:53:55+00:00\" \/>\n<meta property=\"og:image\" content=\"https:\/\/beautesantelorette.ca\/wp-content\/uploads\/2021\/09\/Alaska-Fresh-Spray-Hand-Sanitizer.jpg\" \/>\n\t<meta property=\"og:image:width\" content=\"774\" \/>\n\t<meta property=\"og:image:height\" content=\"774\" \/>\n\t<meta property=\"og:image:type\" content=\"image\/jpeg\" \/>\n<meta name=\"twitter:card\" content=\"summary_large_image\" \/>\n<script type=\"application\/ld+json\" class=\"yoast-schema-graph\">{\"@context\":\"https:\\\/\\\/schema.org\",\"@graph\":[{\"@type\":\"WebPage\",\"@id\":\"https:\\\/\\\/beautesantelorette.ca\\\/fr\\\/produit\\\/alaska-desinfectant-pour-les-mains-vapo\\\/\",\"url\":\"https:\\\/\\\/beautesantelorette.ca\\\/fr\\\/produit\\\/alaska-desinfectant-pour-les-mains-vapo\\\/\",\"name\":\"Alaska D\u00e9sinfectant Pour Les Mains - Vapo - Beaut\u00e9 Sant\u00e9 Lorette\",\"isPartOf\":{\"@id\":\"https:\\\/\\\/beautesantelorette.ca\\\/fr\\\/#website\"},\"primaryImageOfPage\":{\"@id\":\"https:\\\/\\\/beautesantelorette.ca\\\/fr\\\/produit\\\/alaska-desinfectant-pour-les-mains-vapo\\\/#primaryimage\"},\"image\":{\"@id\":\"https:\\\/\\\/beautesantelorette.ca\\\/fr\\\/produit\\\/alaska-desinfectant-pour-les-mains-vapo\\\/#primaryimage\"},\"thumbnailUrl\":\"https:\\\/\\\/beautesantelorette.ca\\\/wp-content\\\/uploads\\\/2021\\\/09\\\/Alaska-Fresh-Spray-Hand-Sanitizer.jpg\",\"datePublished\":\"2021-09-30T18:36:25+00:00\",\"dateModified\":\"2022-05-30T14:53:55+00:00\",\"description\":\"Alaska D\u00e9sinfectant Pour Les Mains frais \u00e0 base d\u2019alcool efficace pour d\u00e9truire les bact\u00e9ries (nocives) et procurer un nettoyage antiseptique.\",\"breadcrumb\":{\"@id\":\"https:\\\/\\\/beautesantelorette.ca\\\/fr\\\/produit\\\/alaska-desinfectant-pour-les-mains-vapo\\\/#breadcrumb\"},\"inLanguage\":\"fr-FR\",\"potentialAction\":[{\"@type\":\"ReadAction\",\"target\":[\"https:\\\/\\\/beautesantelorette.ca\\\/fr\\\/produit\\\/alaska-desinfectant-pour-les-mains-vapo\\\/\"]}]},{\"@type\":\"ImageObject\",\"inLanguage\":\"fr-FR\",\"@id\":\"https:\\\/\\\/beautesantelorette.ca\\\/fr\\\/produit\\\/alaska-desinfectant-pour-les-mains-vapo\\\/#primaryimage\",\"url\":\"https:\\\/\\\/beautesantelorette.ca\\\/wp-content\\\/uploads\\\/2021\\\/09\\\/Alaska-Fresh-Spray-Hand-Sanitizer.jpg\",\"contentUrl\":\"https:\\\/\\\/beautesantelorette.ca\\\/wp-content\\\/uploads\\\/2021\\\/09\\\/Alaska-Fresh-Spray-Hand-Sanitizer.jpg\",\"width\":774,\"height\":774,\"caption\":\"Alaska D\u00e9sinfectant Pour Les Mains - Vapo\"},{\"@type\":\"BreadcrumbList\",\"@id\":\"https:\\\/\\\/beautesantelorette.ca\\\/fr\\\/produit\\\/alaska-desinfectant-pour-les-mains-vapo\\\/#breadcrumb\",\"itemListElement\":[{\"@type\":\"ListItem\",\"position\":1,\"name\":\"Home\",\"item\":\"https:\\\/\\\/beautesantelorette.ca\\\/fr\\\/\"},{\"@type\":\"ListItem\",\"position\":2,\"name\":\"Boutique\",\"item\":\"https:\\\/\\\/beautesantelorette.ca\\\/fr\\\/boutique\\\/\"},{\"@type\":\"ListItem\",\"position\":3,\"name\":\"Alaska D\u00e9sinfectant Pour Les Mains &#8211; Vapo\"}]},{\"@type\":\"WebSite\",\"@id\":\"https:\\\/\\\/beautesantelorette.ca\\\/fr\\\/#website\",\"url\":\"https:\\\/\\\/beautesantelorette.ca\\\/fr\\\/\",\"name\":\"Beaut\u00e9 Sant\u00e9 Lorette\",\"description\":\"Confiez-Nous Le Soin de VOTRE PEAU\",\"publisher\":{\"@id\":\"https:\\\/\\\/beautesantelorette.ca\\\/fr\\\/#organization\"},\"potentialAction\":[{\"@type\":\"SearchAction\",\"target\":{\"@type\":\"EntryPoint\",\"urlTemplate\":\"https:\\\/\\\/beautesantelorette.ca\\\/fr\\\/?s={search_term_string}\"},\"query-input\":{\"@type\":\"PropertyValueSpecification\",\"valueRequired\":true,\"valueName\":\"search_term_string\"}}],\"inLanguage\":\"fr-FR\"},{\"@type\":\"Organization\",\"@id\":\"https:\\\/\\\/beautesantelorette.ca\\\/fr\\\/#organization\",\"name\":\"Beaut\u00e9 Sant\u00e9 Lorette\",\"url\":\"https:\\\/\\\/beautesantelorette.ca\\\/fr\\\/\",\"logo\":{\"@type\":\"ImageObject\",\"inLanguage\":\"fr-FR\",\"@id\":\"https:\\\/\\\/beautesantelorette.ca\\\/fr\\\/#\\\/schema\\\/logo\\\/image\\\/\",\"url\":\"https:\\\/\\\/beautesantelorette.ca\\\/wp-content\\\/uploads\\\/2021\\\/10\\\/bsl_surfgirl_logo_pos-1.svg\",\"contentUrl\":\"https:\\\/\\\/beautesantelorette.ca\\\/wp-content\\\/uploads\\\/2021\\\/10\\\/bsl_surfgirl_logo_pos-1.svg\",\"width\":1533,\"height\":1200,\"caption\":\"Beaut\u00e9 Sant\u00e9 Lorette\"},\"image\":{\"@id\":\"https:\\\/\\\/beautesantelorette.ca\\\/fr\\\/#\\\/schema\\\/logo\\\/image\\\/\"},\"sameAs\":[\"https:\\\/\\\/www.facebook.com\\\/BeauteSanteLorette\\\/\",\"https:\\\/\\\/www.instagram.com\\\/beautesantelorette\\\/\"]}]}<\/script>\n<!-- \/ Yoast SEO plugin. -->","yoast_head_json":{"title":"Alaska D\u00e9sinfectant Pour Les Mains - Vapo - Beaut\u00e9 Sant\u00e9 Lorette","description":"Alaska D\u00e9sinfectant Pour Les Mains frais \u00e0 base d\u2019alcool efficace pour d\u00e9truire les bact\u00e9ries (nocives) et procurer un nettoyage antiseptique.","robots":{"index":"index","follow":"follow","max-snippet":"max-snippet:-1","max-image-preview":"max-image-preview:large","max-video-preview":"max-video-preview:-1"},"canonical":"https:\/\/beautesantelorette.ca\/fr\/produit\/alaska-desinfectant-pour-les-mains-vapo\/","og_locale":"fr_FR","og_type":"article","og_title":"Alaska D\u00e9sinfectant Pour Les Mains - Vapo - Beaut\u00e9 Sant\u00e9 Lorette","og_description":"Alaska D\u00e9sinfectant Pour Les Mains frais \u00e0 base d\u2019alcool efficace pour d\u00e9truire les bact\u00e9ries (nocives) et procurer un nettoyage antiseptique.","og_url":"https:\/\/beautesantelorette.ca\/fr\/produit\/alaska-desinfectant-pour-les-mains-vapo\/","og_site_name":"Beaut\u00e9 Sant\u00e9 Lorette","article_publisher":"https:\/\/www.facebook.com\/BeauteSanteLorette\/","article_modified_time":"2022-05-30T14:53:55+00:00","og_image":[{"width":774,"height":774,"url":"https:\/\/beautesantelorette.ca\/wp-content\/uploads\/2021\/09\/Alaska-Fresh-Spray-Hand-Sanitizer.jpg","type":"image\/jpeg"}],"twitter_card":"summary_large_image","schema":{"@context":"https:\/\/schema.org","@graph":[{"@type":"WebPage","@id":"https:\/\/beautesantelorette.ca\/fr\/produit\/alaska-desinfectant-pour-les-mains-vapo\/","url":"https:\/\/beautesantelorette.ca\/fr\/produit\/alaska-desinfectant-pour-les-mains-vapo\/","name":"Alaska D\u00e9sinfectant Pour Les Mains - Vapo - Beaut\u00e9 Sant\u00e9 Lorette","isPartOf":{"@id":"https:\/\/beautesantelorette.ca\/fr\/#website"},"primaryImageOfPage":{"@id":"https:\/\/beautesantelorette.ca\/fr\/produit\/alaska-desinfectant-pour-les-mains-vapo\/#primaryimage"},"image":{"@id":"https:\/\/beautesantelorette.ca\/fr\/produit\/alaska-desinfectant-pour-les-mains-vapo\/#primaryimage"},"thumbnailUrl":"https:\/\/beautesantelorette.ca\/wp-content\/uploads\/2021\/09\/Alaska-Fresh-Spray-Hand-Sanitizer.jpg","datePublished":"2021-09-30T18:36:25+00:00","dateModified":"2022-05-30T14:53:55+00:00","description":"Alaska D\u00e9sinfectant Pour Les Mains frais \u00e0 base d\u2019alcool efficace pour d\u00e9truire les bact\u00e9ries (nocives) et procurer un nettoyage antiseptique.","breadcrumb":{"@id":"https:\/\/beautesantelorette.ca\/fr\/produit\/alaska-desinfectant-pour-les-mains-vapo\/#breadcrumb"},"inLanguage":"fr-FR","potentialAction":[{"@type":"ReadAction","target":["https:\/\/beautesantelorette.ca\/fr\/produit\/alaska-desinfectant-pour-les-mains-vapo\/"]}]},{"@type":"ImageObject","inLanguage":"fr-FR","@id":"https:\/\/beautesantelorette.ca\/fr\/produit\/alaska-desinfectant-pour-les-mains-vapo\/#primaryimage","url":"https:\/\/beautesantelorette.ca\/wp-content\/uploads\/2021\/09\/Alaska-Fresh-Spray-Hand-Sanitizer.jpg","contentUrl":"https:\/\/beautesantelorette.ca\/wp-content\/uploads\/2021\/09\/Alaska-Fresh-Spray-Hand-Sanitizer.jpg","width":774,"height":774,"caption":"Alaska D\u00e9sinfectant Pour Les Mains - Vapo"},{"@type":"BreadcrumbList","@id":"https:\/\/beautesantelorette.ca\/fr\/produit\/alaska-desinfectant-pour-les-mains-vapo\/#breadcrumb","itemListElement":[{"@type":"ListItem","position":1,"name":"Home","item":"https:\/\/beautesantelorette.ca\/fr\/"},{"@type":"ListItem","position":2,"name":"Boutique","item":"https:\/\/beautesantelorette.ca\/fr\/boutique\/"},{"@type":"ListItem","position":3,"name":"Alaska D\u00e9sinfectant Pour Les Mains &#8211; Vapo"}]},{"@type":"WebSite","@id":"https:\/\/beautesantelorette.ca\/fr\/#website","url":"https:\/\/beautesantelorette.ca\/fr\/","name":"Beaut\u00e9 Sant\u00e9 Lorette","description":"Confiez-Nous Le Soin de VOTRE PEAU","publisher":{"@id":"https:\/\/beautesantelorette.ca\/fr\/#organization"},"potentialAction":[{"@type":"SearchAction","target":{"@type":"EntryPoint","urlTemplate":"https:\/\/beautesantelorette.ca\/fr\/?s={search_term_string}"},"query-input":{"@type":"PropertyValueSpecification","valueRequired":true,"valueName":"search_term_string"}}],"inLanguage":"fr-FR"},{"@type":"Organization","@id":"https:\/\/beautesantelorette.ca\/fr\/#organization","name":"Beaut\u00e9 Sant\u00e9 Lorette","url":"https:\/\/beautesantelorette.ca\/fr\/","logo":{"@type":"ImageObject","inLanguage":"fr-FR","@id":"https:\/\/beautesantelorette.ca\/fr\/#\/schema\/logo\/image\/","url":"https:\/\/beautesantelorette.ca\/wp-content\/uploads\/2021\/10\/bsl_surfgirl_logo_pos-1.svg","contentUrl":"https:\/\/beautesantelorette.ca\/wp-content\/uploads\/2021\/10\/bsl_surfgirl_logo_pos-1.svg","width":1533,"height":1200,"caption":"Beaut\u00e9 Sant\u00e9 Lorette"},"image":{"@id":"https:\/\/beautesantelorette.ca\/fr\/#\/schema\/logo\/image\/"},"sameAs":["https:\/\/www.facebook.com\/BeauteSanteLorette\/","https:\/\/www.instagram.com\/beautesantelorette\/"]}]}},"jetpack_sharing_enabled":true,"_links":{"self":[{"href":"https:\/\/beautesantelorette.ca\/fr\/wp-json\/wp\/v2\/product\/22721","targetHints":{"allow":["GET"]}}],"collection":[{"href":"https:\/\/beautesantelorette.ca\/fr\/wp-json\/wp\/v2\/product"}],"about":[{"href":"https:\/\/beautesantelorette.ca\/fr\/wp-json\/wp\/v2\/types\/product"}],"replies":[{"embeddable":true,"href":"https:\/\/beautesantelorette.ca\/fr\/wp-json\/wp\/v2\/comments?post=22721"}],"wp:featuredmedia":[{"embeddable":true,"href":"https:\/\/beautesantelorette.ca\/fr\/wp-json\/wp\/v2\/media\/21728"}],"wp:attachment":[{"href":"https:\/\/beautesantelorette.ca\/fr\/wp-json\/wp\/v2\/media?parent=22721"}],"wp:term":[{"taxonomy":"product_brand","embeddable":true,"href":"https:\/\/beautesantelorette.ca\/fr\/wp-json\/wp\/v2\/product_brand?post=22721"},{"taxonomy":"product_cat","embeddable":true,"href":"https:\/\/beautesantelorette.ca\/fr\/wp-json\/wp\/v2\/product_cat?post=22721"},{"taxonomy":"product_tag","embeddable":true,"href":"https:\/\/beautesantelorette.ca\/fr\/wp-json\/wp\/v2\/product_tag?post=22721"}],"curies":[{"name":"wp","href":"https:\/\/api.w.org\/{rel}","templated":true}]}}