{"id":22808,"date":"2022-05-10T13:48:46","date_gmt":"2022-05-10T13:55:20","guid":{"rendered":"https:\/\/beautesantelorette.ca\/?post_type=product&#038;p=22808"},"modified":"2022-10-01T00:00:10","modified_gmt":"2022-10-01T00:00:10","slug":"facial-bulmask","status":"publish","type":"product","link":"https:\/\/beautesantelorette.ca\/fr\/produit\/facial-bulmask\/","title":{"rendered":"Facial Bul&rsquo;Mask"},"content":{"rendered":"","protected":false},"excerpt":{"rendered":"<p>Unique a Nelly de Vuyst, Le Bul&rsquo;mask est un soins ultra Oxyg\u00e9nant qui facilite les \u00e9changes et la perm\u00e9abilit\u00e9 de l&rsquo;\u00e9piderme. Il augmente la p\u00e9n\u00e9tration des actifs correcteur Nelly de Vuyst, afin de potentialiser au maximum leur action et procurer d&rsquo;incroyables r\u00e9sultat.<\/p>\n<p>[fusion_fontawesome icon=\"fa-clock fas\" size=\"16px\" hide_on_mobile=\"small-visibility,medium-visibility,large-visibility\" sticky_display=\"normal,sticky\" iconcolor=\"#39ABE1\" iconcolor_hover=\"#39ABE1\" circle=\"no\" bg_size=\"-1\" animation_direction=\"left\" animation_speed=\"0.3\"][\/fusion_fontawesome] 60 Mins<\/p>\n","protected":false},"featured_media":22807,"comment_status":"open","ping_status":"closed","template":"","meta":[],"product_brand":[],"product_cat":[268],"product_tag":[],"class_list":{"0":"post-22808","1":"product","2":"type-product","3":"status-publish","4":"has-post-thumbnail","6":"product_cat-soins-visage","8":"first","9":"instock","10":"taxable","11":"shipping-taxable","12":"purchasable","13":"product-type-simple"},"yoast_head":"<!-- This site is optimized with the Yoast SEO plugin v27.4 - https:\/\/yoast.com\/product\/yoast-seo-wordpress\/ -->\n<title>Facial Bul&#039;Mask - Beaut\u00e9 Sant\u00e9 Lorette<\/title>\n<meta name=\"description\" content=\"Unique a Nelly de Vuyst, Le Bul&#039;mask est un soins ultra Oxyg\u00e9nant qui facilite les \u00e9changes et la perm\u00e9abilit\u00e9 de l&#039;\u00e9piderme. Il augmente la p\u00e9n\u00e9tration des actifs correcteur Nelly de Vuyst, afin de potentialiser au maximum leur action et procurer d&#039;incroyables r\u00e9sultat.\" \/>\n<meta name=\"robots\" content=\"index, follow, max-snippet:-1, max-image-preview:large, max-video-preview:-1\" \/>\n<link rel=\"canonical\" href=\"https:\/\/beautesantelorette.ca\/fr\/produit\/facial-bulmask\/\" \/>\n<meta property=\"og:locale\" content=\"fr_FR\" \/>\n<meta property=\"og:type\" content=\"article\" \/>\n<meta property=\"og:title\" content=\"Facial Bul&#039;Mask - Beaut\u00e9 Sant\u00e9 Lorette\" \/>\n<meta property=\"og:description\" content=\"Unique a Nelly de Vuyst, Le Bul&#039;mask est un soins ultra Oxyg\u00e9nant qui facilite les \u00e9changes et la perm\u00e9abilit\u00e9 de l&#039;\u00e9piderme. Il augmente la p\u00e9n\u00e9tration des actifs correcteur Nelly de Vuyst, afin de potentialiser au maximum leur action et procurer d&#039;incroyables r\u00e9sultat.\" \/>\n<meta property=\"og:url\" content=\"https:\/\/beautesantelorette.ca\/fr\/produit\/facial-bulmask\/\" \/>\n<meta property=\"og:site_name\" content=\"Beaut\u00e9 Sant\u00e9 Lorette\" \/>\n<meta property=\"article:publisher\" content=\"https:\/\/www.facebook.com\/BeauteSanteLorette\/\" \/>\n<meta property=\"article:modified_time\" content=\"2022-10-01T00:00:10+00:00\" \/>\n<meta property=\"og:image\" content=\"https:\/\/beautesantelorette.ca\/wp-content\/uploads\/2022\/05\/facial-bulmask.jpg\" \/>\n\t<meta property=\"og:image:width\" content=\"960\" \/>\n\t<meta property=\"og:image:height\" content=\"960\" \/>\n\t<meta property=\"og:image:type\" content=\"image\/jpeg\" \/>\n<meta name=\"twitter:card\" content=\"summary_large_image\" \/>\n<meta name=\"twitter:label1\" content=\"Dur\u00e9e de lecture estim\u00e9e\" \/>\n\t<meta name=\"twitter:data1\" content=\"1 minute\" \/>\n<script type=\"application\/ld+json\" class=\"yoast-schema-graph\">{\"@context\":\"https:\\\/\\\/schema.org\",\"@graph\":[{\"@type\":\"WebPage\",\"@id\":\"https:\\\/\\\/beautesantelorette.ca\\\/fr\\\/produit\\\/facial-bulmask\\\/\",\"url\":\"https:\\\/\\\/beautesantelorette.ca\\\/fr\\\/produit\\\/facial-bulmask\\\/\",\"name\":\"Facial Bul'Mask - Beaut\u00e9 Sant\u00e9 Lorette\",\"isPartOf\":{\"@id\":\"https:\\\/\\\/beautesantelorette.ca\\\/fr\\\/#website\"},\"primaryImageOfPage\":{\"@id\":\"https:\\\/\\\/beautesantelorette.ca\\\/fr\\\/produit\\\/facial-bulmask\\\/#primaryimage\"},\"image\":{\"@id\":\"https:\\\/\\\/beautesantelorette.ca\\\/fr\\\/produit\\\/facial-bulmask\\\/#primaryimage\"},\"thumbnailUrl\":\"https:\\\/\\\/beautesantelorette.ca\\\/wp-content\\\/uploads\\\/2022\\\/05\\\/facial-bulmask.jpg\",\"datePublished\":\"2022-05-10T13:55:20+00:00\",\"dateModified\":\"2022-10-01T00:00:10+00:00\",\"description\":\"Unique a Nelly de Vuyst, Le Bul'mask est un soins ultra Oxyg\u00e9nant qui facilite les \u00e9changes et la perm\u00e9abilit\u00e9 de l'\u00e9piderme. Il augmente la p\u00e9n\u00e9tration des actifs correcteur Nelly de Vuyst, afin de potentialiser au maximum leur action et procurer d'incroyables r\u00e9sultat.\",\"breadcrumb\":{\"@id\":\"https:\\\/\\\/beautesantelorette.ca\\\/fr\\\/produit\\\/facial-bulmask\\\/#breadcrumb\"},\"inLanguage\":\"fr-FR\",\"potentialAction\":[{\"@type\":\"ReadAction\",\"target\":[\"https:\\\/\\\/beautesantelorette.ca\\\/fr\\\/produit\\\/facial-bulmask\\\/\"]}]},{\"@type\":\"ImageObject\",\"inLanguage\":\"fr-FR\",\"@id\":\"https:\\\/\\\/beautesantelorette.ca\\\/fr\\\/produit\\\/facial-bulmask\\\/#primaryimage\",\"url\":\"https:\\\/\\\/beautesantelorette.ca\\\/wp-content\\\/uploads\\\/2022\\\/05\\\/facial-bulmask.jpg\",\"contentUrl\":\"https:\\\/\\\/beautesantelorette.ca\\\/wp-content\\\/uploads\\\/2022\\\/05\\\/facial-bulmask.jpg\",\"width\":960,\"height\":960,\"caption\":\"Facial Bul'Mask\"},{\"@type\":\"BreadcrumbList\",\"@id\":\"https:\\\/\\\/beautesantelorette.ca\\\/fr\\\/produit\\\/facial-bulmask\\\/#breadcrumb\",\"itemListElement\":[{\"@type\":\"ListItem\",\"position\":1,\"name\":\"Home\",\"item\":\"https:\\\/\\\/beautesantelorette.ca\\\/fr\\\/\"},{\"@type\":\"ListItem\",\"position\":2,\"name\":\"Boutique\",\"item\":\"https:\\\/\\\/beautesantelorette.ca\\\/fr\\\/boutique\\\/\"},{\"@type\":\"ListItem\",\"position\":3,\"name\":\"Facial Bul&rsquo;Mask\"}]},{\"@type\":\"WebSite\",\"@id\":\"https:\\\/\\\/beautesantelorette.ca\\\/fr\\\/#website\",\"url\":\"https:\\\/\\\/beautesantelorette.ca\\\/fr\\\/\",\"name\":\"Beaut\u00e9 Sant\u00e9 Lorette\",\"description\":\"Confiez-Nous Le Soin de VOTRE PEAU\",\"publisher\":{\"@id\":\"https:\\\/\\\/beautesantelorette.ca\\\/fr\\\/#organization\"},\"potentialAction\":[{\"@type\":\"SearchAction\",\"target\":{\"@type\":\"EntryPoint\",\"urlTemplate\":\"https:\\\/\\\/beautesantelorette.ca\\\/fr\\\/?s={search_term_string}\"},\"query-input\":{\"@type\":\"PropertyValueSpecification\",\"valueRequired\":true,\"valueName\":\"search_term_string\"}}],\"inLanguage\":\"fr-FR\"},{\"@type\":\"Organization\",\"@id\":\"https:\\\/\\\/beautesantelorette.ca\\\/fr\\\/#organization\",\"name\":\"Beaut\u00e9 Sant\u00e9 Lorette\",\"url\":\"https:\\\/\\\/beautesantelorette.ca\\\/fr\\\/\",\"logo\":{\"@type\":\"ImageObject\",\"inLanguage\":\"fr-FR\",\"@id\":\"https:\\\/\\\/beautesantelorette.ca\\\/fr\\\/#\\\/schema\\\/logo\\\/image\\\/\",\"url\":\"https:\\\/\\\/beautesantelorette.ca\\\/wp-content\\\/uploads\\\/2021\\\/10\\\/bsl_surfgirl_logo_pos-1.svg\",\"contentUrl\":\"https:\\\/\\\/beautesantelorette.ca\\\/wp-content\\\/uploads\\\/2021\\\/10\\\/bsl_surfgirl_logo_pos-1.svg\",\"width\":1533,\"height\":1200,\"caption\":\"Beaut\u00e9 Sant\u00e9 Lorette\"},\"image\":{\"@id\":\"https:\\\/\\\/beautesantelorette.ca\\\/fr\\\/#\\\/schema\\\/logo\\\/image\\\/\"},\"sameAs\":[\"https:\\\/\\\/www.facebook.com\\\/BeauteSanteLorette\\\/\",\"https:\\\/\\\/www.instagram.com\\\/beautesantelorette\\\/\"]}]}<\/script>\n<!-- \/ Yoast SEO plugin. -->","yoast_head_json":{"title":"Facial Bul'Mask - Beaut\u00e9 Sant\u00e9 Lorette","description":"Unique a Nelly de Vuyst, Le Bul'mask est un soins ultra Oxyg\u00e9nant qui facilite les \u00e9changes et la perm\u00e9abilit\u00e9 de l'\u00e9piderme. Il augmente la p\u00e9n\u00e9tration des actifs correcteur Nelly de Vuyst, afin de potentialiser au maximum leur action et procurer d'incroyables r\u00e9sultat.","robots":{"index":"index","follow":"follow","max-snippet":"max-snippet:-1","max-image-preview":"max-image-preview:large","max-video-preview":"max-video-preview:-1"},"canonical":"https:\/\/beautesantelorette.ca\/fr\/produit\/facial-bulmask\/","og_locale":"fr_FR","og_type":"article","og_title":"Facial Bul'Mask - Beaut\u00e9 Sant\u00e9 Lorette","og_description":"Unique a Nelly de Vuyst, Le Bul'mask est un soins ultra Oxyg\u00e9nant qui facilite les \u00e9changes et la perm\u00e9abilit\u00e9 de l'\u00e9piderme. Il augmente la p\u00e9n\u00e9tration des actifs correcteur Nelly de Vuyst, afin de potentialiser au maximum leur action et procurer d'incroyables r\u00e9sultat.","og_url":"https:\/\/beautesantelorette.ca\/fr\/produit\/facial-bulmask\/","og_site_name":"Beaut\u00e9 Sant\u00e9 Lorette","article_publisher":"https:\/\/www.facebook.com\/BeauteSanteLorette\/","article_modified_time":"2022-10-01T00:00:10+00:00","og_image":[{"width":960,"height":960,"url":"https:\/\/beautesantelorette.ca\/wp-content\/uploads\/2022\/05\/facial-bulmask.jpg","type":"image\/jpeg"}],"twitter_card":"summary_large_image","twitter_misc":{"Dur\u00e9e de lecture estim\u00e9e":"1 minute"},"schema":{"@context":"https:\/\/schema.org","@graph":[{"@type":"WebPage","@id":"https:\/\/beautesantelorette.ca\/fr\/produit\/facial-bulmask\/","url":"https:\/\/beautesantelorette.ca\/fr\/produit\/facial-bulmask\/","name":"Facial Bul'Mask - Beaut\u00e9 Sant\u00e9 Lorette","isPartOf":{"@id":"https:\/\/beautesantelorette.ca\/fr\/#website"},"primaryImageOfPage":{"@id":"https:\/\/beautesantelorette.ca\/fr\/produit\/facial-bulmask\/#primaryimage"},"image":{"@id":"https:\/\/beautesantelorette.ca\/fr\/produit\/facial-bulmask\/#primaryimage"},"thumbnailUrl":"https:\/\/beautesantelorette.ca\/wp-content\/uploads\/2022\/05\/facial-bulmask.jpg","datePublished":"2022-05-10T13:55:20+00:00","dateModified":"2022-10-01T00:00:10+00:00","description":"Unique a Nelly de Vuyst, Le Bul'mask est un soins ultra Oxyg\u00e9nant qui facilite les \u00e9changes et la perm\u00e9abilit\u00e9 de l'\u00e9piderme. Il augmente la p\u00e9n\u00e9tration des actifs correcteur Nelly de Vuyst, afin de potentialiser au maximum leur action et procurer d'incroyables r\u00e9sultat.","breadcrumb":{"@id":"https:\/\/beautesantelorette.ca\/fr\/produit\/facial-bulmask\/#breadcrumb"},"inLanguage":"fr-FR","potentialAction":[{"@type":"ReadAction","target":["https:\/\/beautesantelorette.ca\/fr\/produit\/facial-bulmask\/"]}]},{"@type":"ImageObject","inLanguage":"fr-FR","@id":"https:\/\/beautesantelorette.ca\/fr\/produit\/facial-bulmask\/#primaryimage","url":"https:\/\/beautesantelorette.ca\/wp-content\/uploads\/2022\/05\/facial-bulmask.jpg","contentUrl":"https:\/\/beautesantelorette.ca\/wp-content\/uploads\/2022\/05\/facial-bulmask.jpg","width":960,"height":960,"caption":"Facial Bul'Mask"},{"@type":"BreadcrumbList","@id":"https:\/\/beautesantelorette.ca\/fr\/produit\/facial-bulmask\/#breadcrumb","itemListElement":[{"@type":"ListItem","position":1,"name":"Home","item":"https:\/\/beautesantelorette.ca\/fr\/"},{"@type":"ListItem","position":2,"name":"Boutique","item":"https:\/\/beautesantelorette.ca\/fr\/boutique\/"},{"@type":"ListItem","position":3,"name":"Facial Bul&rsquo;Mask"}]},{"@type":"WebSite","@id":"https:\/\/beautesantelorette.ca\/fr\/#website","url":"https:\/\/beautesantelorette.ca\/fr\/","name":"Beaut\u00e9 Sant\u00e9 Lorette","description":"Confiez-Nous Le Soin de VOTRE PEAU","publisher":{"@id":"https:\/\/beautesantelorette.ca\/fr\/#organization"},"potentialAction":[{"@type":"SearchAction","target":{"@type":"EntryPoint","urlTemplate":"https:\/\/beautesantelorette.ca\/fr\/?s={search_term_string}"},"query-input":{"@type":"PropertyValueSpecification","valueRequired":true,"valueName":"search_term_string"}}],"inLanguage":"fr-FR"},{"@type":"Organization","@id":"https:\/\/beautesantelorette.ca\/fr\/#organization","name":"Beaut\u00e9 Sant\u00e9 Lorette","url":"https:\/\/beautesantelorette.ca\/fr\/","logo":{"@type":"ImageObject","inLanguage":"fr-FR","@id":"https:\/\/beautesantelorette.ca\/fr\/#\/schema\/logo\/image\/","url":"https:\/\/beautesantelorette.ca\/wp-content\/uploads\/2021\/10\/bsl_surfgirl_logo_pos-1.svg","contentUrl":"https:\/\/beautesantelorette.ca\/wp-content\/uploads\/2021\/10\/bsl_surfgirl_logo_pos-1.svg","width":1533,"height":1200,"caption":"Beaut\u00e9 Sant\u00e9 Lorette"},"image":{"@id":"https:\/\/beautesantelorette.ca\/fr\/#\/schema\/logo\/image\/"},"sameAs":["https:\/\/www.facebook.com\/BeauteSanteLorette\/","https:\/\/www.instagram.com\/beautesantelorette\/"]}]}},"jetpack_sharing_enabled":true,"_links":{"self":[{"href":"https:\/\/beautesantelorette.ca\/fr\/wp-json\/wp\/v2\/product\/22808","targetHints":{"allow":["GET"]}}],"collection":[{"href":"https:\/\/beautesantelorette.ca\/fr\/wp-json\/wp\/v2\/product"}],"about":[{"href":"https:\/\/beautesantelorette.ca\/fr\/wp-json\/wp\/v2\/types\/product"}],"replies":[{"embeddable":true,"href":"https:\/\/beautesantelorette.ca\/fr\/wp-json\/wp\/v2\/comments?post=22808"}],"wp:featuredmedia":[{"embeddable":true,"href":"https:\/\/beautesantelorette.ca\/fr\/wp-json\/wp\/v2\/media\/22807"}],"wp:attachment":[{"href":"https:\/\/beautesantelorette.ca\/fr\/wp-json\/wp\/v2\/media?parent=22808"}],"wp:term":[{"taxonomy":"product_brand","embeddable":true,"href":"https:\/\/beautesantelorette.ca\/fr\/wp-json\/wp\/v2\/product_brand?post=22808"},{"taxonomy":"product_cat","embeddable":true,"href":"https:\/\/beautesantelorette.ca\/fr\/wp-json\/wp\/v2\/product_cat?post=22808"},{"taxonomy":"product_tag","embeddable":true,"href":"https:\/\/beautesantelorette.ca\/fr\/wp-json\/wp\/v2\/product_tag?post=22808"}],"curies":[{"name":"wp","href":"https:\/\/api.w.org\/{rel}","templated":true}]}}